{"id":7204,"date":"2020-08-20T02:22:48","date_gmt":"2020-08-20T02:22:48","guid":{"rendered":"http:\/\/xkodas.com\/?page_id=7204"},"modified":"2022-12-03T15:48:47","modified_gmt":"2022-12-03T15:48:47","slug":"door-fittings","status":"publish","type":"page","link":"https:\/\/xkodas.com\/en\/door-fittings\/","title":{"rendered":"Door fittings"},"content":{"rendered":"<div class=\"woocommerce columns-4\"><div class=\"woocommerce-notices-wrapper\"><\/div><p class=\"woocommerce-result-count\" role=\"alert\" aria-relevant=\"all\" >\n\tShowing all 8 results<\/p>\n<form class=\"woocommerce-ordering\" method=\"get\" action=\"\">\n\t<select name=\"orderby\" class=\"orderby\">\n\t\t\t\t\t<option value=\"menu_order\"  selected='selected' data-no-translation=\"\" data-trp-gettext=\"\">Default sorting<\/option>\n\t\t\t\t\t<option value=\"popularity\" data-no-translation=\"\" data-trp-gettext=\"\" >Sort by popularity<\/option>\n\t\t\t\t\t<option value=\"date\" data-no-translation=\"\" data-trp-gettext=\"\" >Sort by latest<\/option>\n\t\t\t\t\t<option value=\"price\" data-no-translation=\"\" data-trp-gettext=\"\" >Sort by price: low to high<\/option>\n\t\t\t\t\t<option value=\"price-desc\" data-no-translation=\"\" data-trp-gettext=\"\" >Sort by price: high to low<\/option>\n\t\t\t<\/select>\n\t<input type=\"hidden\" name=\"paged\" value=\"1\" \/>\n\t<input type=\"hidden\" name=\"trp-form-language\" value=\"en\"\/><\/form>\n\n\t\t<ul class=\"products products_grid_type columns-4\">\r\n\t\r\n<li class=\"product type-product post-18705 status-publish first instock product_cat-duru-furnitura product_cat-duru-rankenos has-post-thumbnail taxable shipping-taxable purchasable product-type-simple\">\r\n\t\r\n\r\n\r\n\r\n\r\n\t\r\n\t\r\n\t\t<div class=\"man_product_photo man_image_bck\">\r\n\t\t\t<img decoding=\"async\" src=\"https:\/\/xkodas.com\/wp-content\/uploads\/2024\/05\/030WC-17E-BLACK_339-600x550.png\">\r\n\t\t\t\r\n\t\t\t\t\t\t\r\n\t\t\t<div class=\"man_product_photo_hover man_image_bck\" \r\n\t\t\t\t\t\t\t<\/div>\r\n\t\t\t<a href=\"https:\/\/xkodas.com\/en\/shop\/duru-rankenos\/wc-duru-uzrakto-rankenele-orooro-030wc-17e-juoda\/\" class=\"man_product_photo_link\"><\/a>\r\n\t\t\t\t\t\t\t\t\t\r\n\t\t<\/div>\r\n\t\t<!-- photo end -->\r\n\r\n\t\t<div class=\"man_product_cont\">\r\n\r\n\t\t\t\r\n\t\t\t<a href=\"https:\/\/xkodas.com\/en\/shop\/duru-rankenos\/wc-duru-uzrakto-rankenele-orooro-030wc-17e-juoda\/\" >\r\n\t\t\t\t<h3>WC dur\u0173 u\u017erakto ranken\u0117l\u0117 ORO&#038;ORO 030WC-17E, Juoda<h3>\t\t<span class=\"label-group\">\n\t\t\tDur\u0173 furnit\u016bra Dur\u0173 rankenos\t\t<\/span>\n\t\t\t\t\t\t\n\t<span class=\"price\"><span class=\"woocommerce-Price-amount amount\"><bdi>16,00<span class=\"woocommerce-Price-currencySymbol\">&euro;<\/span><\/bdi><\/span><\/span>\n\t\t\t\t<span class=\"man_product_cont_btn\">\r\n\t\t\t\t\t<a href=\"https:\/\/xkodas.com\/en\/shop\/duru-rankenos\/wc-duru-uzrakto-rankenele-orooro-030wc-17e-juoda\/\" class=\"button product_type_simple\">View More<\/a>\r\n\t\t\t\t<\/span>\r\n\t\t\t<\/a>\r\n\r\n\t\t<\/div>\r\n\t\t<!-- Man cont end -->\r\n\r\n\t\t\r\n\t\r\n\r\n\t\r\n\r\n\r\n<\/li>\r\n<li class=\"product type-product post-18452 status-publish instock product_cat-duru-furnitura has-post-thumbnail taxable shipping-taxable purchasable product-type-simple\">\r\n\t\r\n\r\n\r\n\r\n\r\n\t\r\n\t\r\n\t\t<div class=\"man_product_photo man_image_bck\">\r\n\t\t\t<img decoding=\"async\" src=\"https:\/\/xkodas.com\/wp-content\/uploads\/2024\/05\/Paslepto-vyrio-AGB-ECLIPSE-su-duru-pritraukimo-funkcija-komplektaspriesgaisrinis-600x550.jpg\">\r\n\t\t\t\r\n\t\t\t\t\t\t\r\n\t\t\t<div class=\"man_product_photo_hover man_image_bck\" \r\n\t\t\t\t\t\t\t<\/div>\r\n\t\t\t<a href=\"https:\/\/xkodas.com\/en\/shop\/duru-furnitura\/paslepto-vyrio-agb-eclipse-su-duru-pritraukimo-funkcija-komplektaspriesgaisrinis\/\" class=\"man_product_photo_link\"><\/a>\r\n\t\t\t\t\t\t\t\t\t\r\n\t\t<\/div>\r\n\t\t<!-- photo end -->\r\n\r\n\t\t<div class=\"man_product_cont\">\r\n\r\n\t\t\t\r\n\t\t\t<a href=\"https:\/\/xkodas.com\/en\/shop\/duru-furnitura\/paslepto-vyrio-agb-eclipse-su-duru-pritraukimo-funkcija-komplektaspriesgaisrinis\/\" >\r\n\t\t\t\t<h3>Pasl\u0117pto vyrio AGB ECLIPSE su dur\u0173 pritraukimo funkcija komplektas(prie\u0161gaisrinis)<h3>\t\t<span class=\"label-group\">\n\t\t\tDur\u0173 furnit\u016bra\t\t<\/span>\n\t\t\t\t\t\t\n\t<span class=\"price\"><span class=\"woocommerce-Price-amount amount\"><bdi>678,00<span class=\"woocommerce-Price-currencySymbol\">&euro;<\/span><\/bdi><\/span><\/span>\n\t\t\t\t<span class=\"man_product_cont_btn\">\r\n\t\t\t\t\t<a href=\"https:\/\/xkodas.com\/en\/shop\/duru-furnitura\/paslepto-vyrio-agb-eclipse-su-duru-pritraukimo-funkcija-komplektaspriesgaisrinis\/\" class=\"button product_type_simple\">View More<\/a>\r\n\t\t\t\t<\/span>\r\n\t\t\t<\/a>\r\n\r\n\t\t<\/div>\r\n\t\t<!-- Man cont end -->\r\n\r\n\t\t\r\n\t\r\n\r\n\t\r\n\r\n\r\n<\/li>\r\n<li class=\"product type-product post-17849 status-publish instock product_cat-duru-furnitura product_tag-duru-furnitura product_tag-duru-mechanizmas product_tag-duru-vyriai product_tag-vyriai has-post-thumbnail taxable shipping-taxable purchasable product-type-simple\">\r\n\t\r\n\r\n\r\n\r\n\r\n\t\r\n\t\r\n\t\t<div class=\"man_product_photo man_image_bck\">\r\n\t\t\t<img decoding=\"async\" src=\"https:\/\/xkodas.com\/wp-content\/uploads\/2024\/05\/Duru-vyriai-600x550.jpg\">\r\n\t\t\t\r\n\t\t\t\t\t\t\r\n\t\t\t<div class=\"man_product_photo_hover man_image_bck\" \r\n\t\t\t\t\t\t\t\t    data-image=\"https:\/\/xkodas.com\/wp-content\/uploads\/2024\/05\/Duru-vyriai-brezinys-600x550.png\">\r\n\t\t\t        \r\n\t\t\t\t\t\t\t<\/div>\r\n\t\t\t<a href=\"https:\/\/xkodas.com\/en\/shop\/duru-furnitura\/duru-vyris-agb-eclipse-3-2-juodas\/\" class=\"man_product_photo_link\"><\/a>\r\n\t\t\t\t\t\t\t\t\t\r\n\t\t<\/div>\r\n\t\t<!-- photo end -->\r\n\r\n\t\t<div class=\"man_product_cont\">\r\n\r\n\t\t\t\r\n\t\t\t<a href=\"https:\/\/xkodas.com\/en\/shop\/duru-furnitura\/duru-vyris-agb-eclipse-3-2-juodas\/\" >\r\n\t\t\t\t<h3>Dur\u0173 vyris AGB ECLIPSE 3.2, juodas<h3>\t\t<span class=\"label-group\">\n\t\t\tDur\u0173 furnit\u016bra\t\t<\/span>\n\t\t\t\t\t\t\n\t<span class=\"price\"><span class=\"woocommerce-Price-amount amount\"><bdi>19,00<span class=\"woocommerce-Price-currencySymbol\">&euro;<\/span><\/bdi><\/span><\/span>\n\t\t\t\t<span class=\"man_product_cont_btn\">\r\n\t\t\t\t\t<a href=\"https:\/\/xkodas.com\/en\/shop\/duru-furnitura\/duru-vyris-agb-eclipse-3-2-juodas\/\" class=\"button product_type_simple\">View More<\/a>\r\n\t\t\t\t<\/span>\r\n\t\t\t<\/a>\r\n\r\n\t\t<\/div>\r\n\t\t<!-- Man cont end -->\r\n\r\n\t\t\r\n\t\r\n\r\n\t\r\n\r\n\r\n<\/li>\r\n<li class=\"product type-product post-18742 status-publish last instock product_cat-duru-furnitura product_cat-duru-rankenos has-post-thumbnail taxable shipping-taxable purchasable product-type-simple\">\r\n\t\r\n\r\n\r\n\r\n\r\n\t\r\n\t\r\n\t\t<div class=\"man_product_photo man_image_bck\">\r\n\t\t\t<img decoding=\"async\" src=\"https:\/\/xkodas.com\/wp-content\/uploads\/2024\/05\/Duru-uzrakto-rankenele-031WC-15E-600x550.jpg\">\r\n\t\t\t\r\n\t\t\t\t\t\t\r\n\t\t\t<div class=\"man_product_photo_hover man_image_bck\" \r\n\t\t\t\t\t\t\t<\/div>\r\n\t\t\t<a href=\"https:\/\/xkodas.com\/en\/shop\/duru-rankenos\/wc-duru-uzrakto-rankenele-suktukas-orooro-031wc-15e\/\" class=\"man_product_photo_link\"><\/a>\r\n\t\t\t\t\t\t\t\t\t\r\n\t\t<\/div>\r\n\t\t<!-- photo end -->\r\n\r\n\t\t<div class=\"man_product_cont\">\r\n\r\n\t\t\t\r\n\t\t\t<a href=\"https:\/\/xkodas.com\/en\/shop\/duru-rankenos\/wc-duru-uzrakto-rankenele-suktukas-orooro-031wc-15e\/\" >\r\n\t\t\t\t<h3>WC dur\u0173 u\u017erakto ranken\u0117l\u0117 (suktukas) ORO&#038;ORO 031WC-15E<h3>\t\t<span class=\"label-group\">\n\t\t\tDur\u0173 furnit\u016bra Dur\u0173 rankenos\t\t<\/span>\n\t\t\t\t\t\t\n\t<span class=\"price\"><span class=\"woocommerce-Price-amount amount\"><bdi>16,00<span class=\"woocommerce-Price-currencySymbol\">&euro;<\/span><\/bdi><\/span><\/span>\n\t\t\t\t<span class=\"man_product_cont_btn\">\r\n\t\t\t\t\t<a href=\"https:\/\/xkodas.com\/en\/shop\/duru-rankenos\/wc-duru-uzrakto-rankenele-suktukas-orooro-031wc-15e\/\" class=\"button product_type_simple\">View More<\/a>\r\n\t\t\t\t<\/span>\r\n\t\t\t<\/a>\r\n\r\n\t\t<\/div>\r\n\t\t<!-- Man cont end -->\r\n\r\n\t\t\r\n\t\r\n\r\n\t\r\n\r\n\r\n<\/li>\r\n<li class=\"product type-product post-18769 status-publish first instock product_cat-duru-furnitura has-post-thumbnail taxable shipping-taxable purchasable product-type-simple\">\r\n\t\r\n\r\n\r\n\r\n\r\n\t\r\n\t\r\n\t\t<div class=\"man_product_photo man_image_bck\">\r\n\t\t\t<img decoding=\"async\" src=\"https:\/\/xkodas.com\/wp-content\/uploads\/2024\/05\/Cilindro-formos-duru-stabdis-Xkodas-600x550.jpeg\">\r\n\t\t\t\r\n\t\t\t\t\t\t\r\n\t\t\t<div class=\"man_product_photo_hover man_image_bck\" \r\n\t\t\t\t\t\t\t<\/div>\r\n\t\t\t<a href=\"https:\/\/xkodas.com\/en\/shop\/duru-furnitura\/cilindro-formos-stilingas-duru-stabdis-ds522\/\" class=\"man_product_photo_link\"><\/a>\r\n\t\t\t\t\t\t\t\t\t\r\n\t\t<\/div>\r\n\t\t<!-- photo end -->\r\n\r\n\t\t<div class=\"man_product_cont\">\r\n\r\n\t\t\t\r\n\t\t\t<a href=\"https:\/\/xkodas.com\/en\/shop\/duru-furnitura\/cilindro-formos-stilingas-duru-stabdis-ds522\/\" >\r\n\t\t\t\t<h3>Cilindro formos stilingas dur\u0173 stabdis DS522<h3>\t\t<span class=\"label-group\">\n\t\t\tDur\u0173 furnit\u016bra\t\t<\/span>\n\t\t\t\t\t\t\n\t<span class=\"price\"><span class=\"woocommerce-Price-amount amount\"><bdi>22,00<span class=\"woocommerce-Price-currencySymbol\">&euro;<\/span><\/bdi><\/span><\/span>\n\t\t\t\t<span class=\"man_product_cont_btn\">\r\n\t\t\t\t\t<a href=\"https:\/\/xkodas.com\/en\/shop\/duru-furnitura\/cilindro-formos-stilingas-duru-stabdis-ds522\/\" class=\"button product_type_simple\">View More<\/a>\r\n\t\t\t\t<\/span>\r\n\t\t\t<\/a>\r\n\r\n\t\t<\/div>\r\n\t\t<!-- Man cont end -->\r\n\r\n\t\t\r\n\t\r\n\r\n\t\r\n\r\n\r\n<\/li>\r\n<li class=\"product type-product post-18768 status-publish instock product_cat-duru-furnitura has-post-thumbnail taxable shipping-taxable purchasable product-type-simple\">\r\n\t\r\n\r\n\r\n\r\n\r\n\t\r\n\t\r\n\t\t<div class=\"man_product_photo man_image_bck\">\r\n\t\t\t<img decoding=\"async\" src=\"https:\/\/xkodas.com\/wp-content\/uploads\/2024\/05\/Duru-stabdis-Oro-Oro-Xkodas-600x550.jpeg\">\r\n\t\t\t\r\n\t\t\t\t\t\t\r\n\t\t\t<div class=\"man_product_photo_hover man_image_bck\" \r\n\t\t\t\t\t\t\t<\/div>\r\n\t\t\t<a href=\"https:\/\/xkodas.com\/en\/shop\/duru-furnitura\/stilingas-duru-stabdis-ds523-kvadratinis\/\" class=\"man_product_photo_link\"><\/a>\r\n\t\t\t\t\t\t\t\t\t\r\n\t\t<\/div>\r\n\t\t<!-- photo end -->\r\n\r\n\t\t<div class=\"man_product_cont\">\r\n\r\n\t\t\t\r\n\t\t\t<a href=\"https:\/\/xkodas.com\/en\/shop\/duru-furnitura\/stilingas-duru-stabdis-ds523-kvadratinis\/\" >\r\n\t\t\t\t<h3>Stilingas dur\u0173 stabdis DS523 (kvadratinis)<h3>\t\t<span class=\"label-group\">\n\t\t\tDur\u0173 furnit\u016bra\t\t<\/span>\n\t\t\t\t\t\t\n\t<span class=\"price\"><span class=\"woocommerce-Price-amount amount\"><bdi>22,00<span class=\"woocommerce-Price-currencySymbol\">&euro;<\/span><\/bdi><\/span><\/span>\n\t\t\t\t<span class=\"man_product_cont_btn\">\r\n\t\t\t\t\t<a href=\"https:\/\/xkodas.com\/en\/shop\/duru-furnitura\/stilingas-duru-stabdis-ds523-kvadratinis\/\" class=\"button product_type_simple\">View More<\/a>\r\n\t\t\t\t<\/span>\r\n\t\t\t<\/a>\r\n\r\n\t\t<\/div>\r\n\t\t<!-- Man cont end -->\r\n\r\n\t\t\r\n\t\r\n\r\n\t\r\n\r\n\r\n<\/li>\r\n<li class=\"product type-product post-18744 status-publish instock product_cat-duru-furnitura has-post-thumbnail taxable shipping-taxable purchasable product-type-simple\">\r\n\t\r\n\r\n\r\n\r\n\r\n\t\r\n\t\r\n\t\t<div class=\"man_product_photo man_image_bck\">\r\n\t\t\t<img decoding=\"async\" src=\"https:\/\/xkodas.com\/wp-content\/uploads\/2024\/05\/Duru-raktu-skylutes-apvadas-24E-CYL-kvadratinis-561x550.jpg\">\r\n\t\t\t\r\n\t\t\t\t\t\t\r\n\t\t\t<div class=\"man_product_photo_hover man_image_bck\" \r\n\t\t\t\t\t\t\t\t    data-image=\"https:\/\/xkodas.com\/wp-content\/uploads\/2024\/05\/Duru-uzrakto-apvadas-Xkodas-560x550.jpg\">\r\n\t\t\t        \r\n\t\t\t\t\t\t\t<\/div>\r\n\t\t\t<a href=\"https:\/\/xkodas.com\/en\/shop\/duru-furnitura\/duru-raktu-skylutes-apvadas-24e-cyl-staciakampis\/\" class=\"man_product_photo_link\"><\/a>\r\n\t\t\t\t\t\t\t\t\t\r\n\t\t<\/div>\r\n\t\t<!-- photo end -->\r\n\r\n\t\t<div class=\"man_product_cont\">\r\n\r\n\t\t\t\r\n\t\t\t<a href=\"https:\/\/xkodas.com\/en\/shop\/duru-furnitura\/duru-raktu-skylutes-apvadas-24e-cyl-staciakampis\/\" >\r\n\t\t\t\t<h3>Dur\u0173 rakt\u0173 skylut\u0117s apvadas 24E &#8211; CYL  (sta\u010diakampis)<h3>\t\t<span class=\"label-group\">\n\t\t\tDur\u0173 furnit\u016bra\t\t<\/span>\n\t\t\t\t\t\t\n\t<span class=\"price\"><span class=\"woocommerce-Price-amount amount\"><bdi>15,00<span class=\"woocommerce-Price-currencySymbol\">&euro;<\/span><\/bdi><\/span><\/span>\n\t\t\t\t<span class=\"man_product_cont_btn\">\r\n\t\t\t\t\t<a href=\"https:\/\/xkodas.com\/en\/shop\/duru-furnitura\/duru-raktu-skylutes-apvadas-24e-cyl-staciakampis\/\" class=\"button product_type_simple\">View More<\/a>\r\n\t\t\t\t<\/span>\r\n\t\t\t<\/a>\r\n\r\n\t\t<\/div>\r\n\t\t<!-- Man cont end -->\r\n\r\n\t\t\r\n\t\r\n\r\n\t\r\n\r\n\r\n<\/li>\r\n<li class=\"product type-product post-18449 status-publish last instock product_cat-duru-furnitura has-post-thumbnail taxable shipping-taxable purchasable product-type-simple\">\r\n\t\r\n\r\n\r\n\r\n\r\n\t\r\n\t\r\n\t\t<div class=\"man_product_photo man_image_bck\">\r\n\t\t\t<img decoding=\"async\" src=\"https:\/\/xkodas.com\/wp-content\/uploads\/2024\/05\/Vyris-AGB-ECLIPSE-3.2-HD-iki-60-kg.-600x550.jpg\">\r\n\t\t\t\r\n\t\t\t\t\t\t\r\n\t\t\t<div class=\"man_product_photo_hover man_image_bck\" \r\n\t\t\t\t\t\t\t<\/div>\r\n\t\t\t<a href=\"https:\/\/xkodas.com\/en\/shop\/duru-furnitura\/vyris-agb-eclipse-3-2-hd-iki-60-kg\/\" class=\"man_product_photo_link\"><\/a>\r\n\t\t\t\t\t\t\t\t\t\r\n\t\t<\/div>\r\n\t\t<!-- photo end -->\r\n\r\n\t\t<div class=\"man_product_cont\">\r\n\r\n\t\t\t\r\n\t\t\t<a href=\"https:\/\/xkodas.com\/en\/shop\/duru-furnitura\/vyris-agb-eclipse-3-2-hd-iki-60-kg\/\" >\r\n\t\t\t\t<h3>Vyris AGB ECLIPSE 3.2 HD iki 60 kg.<h3>\t\t<span class=\"label-group\">\n\t\t\tDur\u0173 furnit\u016bra\t\t<\/span>\n\t\t\t\t\t\t\n\t<span class=\"price\"><span class=\"woocommerce-Price-amount amount\"><bdi>27,00<span class=\"woocommerce-Price-currencySymbol\">&euro;<\/span><\/bdi><\/span><\/span>\n\t\t\t\t<span class=\"man_product_cont_btn\">\r\n\t\t\t\t\t<a href=\"https:\/\/xkodas.com\/en\/shop\/duru-furnitura\/vyris-agb-eclipse-3-2-hd-iki-60-kg\/\" class=\"button product_type_simple\">View More<\/a>\r\n\t\t\t\t<\/span>\r\n\t\t\t<\/a>\r\n\r\n\t\t<\/div>\r\n\t\t<!-- Man cont end -->\r\n\r\n\t\t\r\n\t\r\n\r\n\t\r\n\r\n\r\n<\/li>\r\n<\/ul>\r\n<\/div>","protected":false},"excerpt":{"rendered":"","protected":false},"author":1,"featured_media":0,"parent":0,"menu_order":8,"comment_status":"closed","ping_status":"closed","template":"","meta":{"_monsterinsights_skip_tracking":false,"_monsterinsights_sitenote_active":false,"_monsterinsights_sitenote_note":"","_monsterinsights_sitenote_category":0,"footnotes":""},"class_list":["post-7204","page","type-page","status-publish","hentry"],"yoast_head":"<!-- This site is optimized with the Yoast SEO plugin v27.4 - https:\/\/yoast.com\/product\/yoast-seo-wordpress\/ -->\n<title>Door fittings - Xkodas<\/title>\n<meta name=\"robots\" content=\"index, follow, max-snippet:-1, max-image-preview:large, max-video-preview:-1\" \/>\n<link rel=\"canonical\" href=\"https:\/\/xkodas.com\/en\/door-fittings\/\" \/>\n<meta property=\"og:locale\" content=\"en_GB\" \/>\n<meta property=\"og:type\" content=\"article\" \/>\n<meta property=\"og:title\" content=\"Door fittings - Xkodas\" \/>\n<meta property=\"og:url\" content=\"https:\/\/xkodas.com\/en\/door-fittings\/\" \/>\n<meta property=\"og:site_name\" content=\"Xkodas\" \/>\n<meta property=\"article:publisher\" content=\"https:\/\/www.facebook.com\/xkodas.lt\" \/>\n<meta property=\"article:modified_time\" content=\"2022-12-03T15:48:47+00:00\" \/>\n<meta name=\"twitter:card\" content=\"summary_large_image\" \/>\n<script type=\"application\/ld+json\" class=\"yoast-schema-graph\">{\"@context\":\"https:\\\/\\\/schema.org\",\"@graph\":[{\"@type\":\"WebPage\",\"@id\":\"https:\\\/\\\/xkodas.com\\\/en\\\/door-fittings\\\/\",\"url\":\"https:\\\/\\\/xkodas.com\\\/en\\\/door-fittings\\\/\",\"name\":\"Door fittings - Xkodas\",\"isPartOf\":{\"@id\":\"https:\\\/\\\/xkodas.com\\\/en\\\/#website\"},\"datePublished\":\"2020-08-20T02:22:48+00:00\",\"dateModified\":\"2022-12-03T15:48:47+00:00\",\"breadcrumb\":{\"@id\":\"https:\\\/\\\/xkodas.com\\\/en\\\/door-fittings\\\/#breadcrumb\"},\"inLanguage\":\"en-GB\",\"potentialAction\":[{\"@type\":\"ReadAction\",\"target\":[\"https:\\\/\\\/xkodas.com\\\/en\\\/door-fittings\\\/\"]}]},{\"@type\":\"BreadcrumbList\",\"@id\":\"https:\\\/\\\/xkodas.com\\\/en\\\/door-fittings\\\/#breadcrumb\",\"itemListElement\":[{\"@type\":\"ListItem\",\"position\":1,\"name\":\"Home\",\"item\":\"https:\\\/\\\/xkodas.com\\\/en\\\/ismaniosios-spynos-visu-tipu-raktai-seifai-xkodas\\\/\"},{\"@type\":\"ListItem\",\"position\":2,\"name\":\"Door fittings\"}]},{\"@type\":\"WebSite\",\"@id\":\"https:\\\/\\\/xkodas.com\\\/en\\\/#website\",\"url\":\"https:\\\/\\\/xkodas.com\\\/en\\\/\",\"name\":\"Xkodas\",\"description\":\"I\u0161maniosios spynos, rakt\u0173 gamyba, saugos sistemos\",\"publisher\":{\"@id\":\"https:\\\/\\\/xkodas.com\\\/en\\\/#organization\"},\"potentialAction\":[{\"@type\":\"SearchAction\",\"target\":{\"@type\":\"EntryPoint\",\"urlTemplate\":\"https:\\\/\\\/xkodas.com\\\/en\\\/?s={search_term_string}\"},\"query-input\":{\"@type\":\"PropertyValueSpecification\",\"valueRequired\":true,\"valueName\":\"search_term_string\"}}],\"inLanguage\":\"en-GB\"},{\"@type\":\"Organization\",\"@id\":\"https:\\\/\\\/xkodas.com\\\/en\\\/#organization\",\"name\":\"Xkodas\",\"url\":\"https:\\\/\\\/xkodas.com\\\/en\\\/\",\"logo\":{\"@type\":\"ImageObject\",\"inLanguage\":\"en-GB\",\"@id\":\"https:\\\/\\\/xkodas.com\\\/en\\\/#\\\/schema\\\/logo\\\/image\\\/\",\"url\":\"http:\\\/\\\/xkodas.com\\\/wp-content\\\/uploads\\\/2020\\\/02\\\/Xkodas_logo_baltas_500x500-2.jpg\",\"contentUrl\":\"http:\\\/\\\/xkodas.com\\\/wp-content\\\/uploads\\\/2020\\\/02\\\/Xkodas_logo_baltas_500x500-2.jpg\",\"width\":100,\"height\":100,\"caption\":\"Xkodas\"},\"image\":{\"@id\":\"https:\\\/\\\/xkodas.com\\\/en\\\/#\\\/schema\\\/logo\\\/image\\\/\"},\"sameAs\":[\"https:\\\/\\\/www.facebook.com\\\/xkodas.lt\"]}]}<\/script>\n<!-- \/ Yoast SEO plugin. -->","yoast_head_json":{"title":"Door fittings - Xkodas","robots":{"index":"index","follow":"follow","max-snippet":"max-snippet:-1","max-image-preview":"max-image-preview:large","max-video-preview":"max-video-preview:-1"},"canonical":"https:\/\/xkodas.com\/en\/door-fittings\/","og_locale":"en_GB","og_type":"article","og_title":"Door fittings - Xkodas","og_url":"https:\/\/xkodas.com\/en\/door-fittings\/","og_site_name":"Xkodas","article_publisher":"https:\/\/www.facebook.com\/xkodas.lt","article_modified_time":"2022-12-03T15:48:47+00:00","twitter_card":"summary_large_image","schema":{"@context":"https:\/\/schema.org","@graph":[{"@type":"WebPage","@id":"https:\/\/xkodas.com\/en\/door-fittings\/","url":"https:\/\/xkodas.com\/en\/door-fittings\/","name":"Door fittings - Xkodas","isPartOf":{"@id":"https:\/\/xkodas.com\/en\/#website"},"datePublished":"2020-08-20T02:22:48+00:00","dateModified":"2022-12-03T15:48:47+00:00","breadcrumb":{"@id":"https:\/\/xkodas.com\/en\/door-fittings\/#breadcrumb"},"inLanguage":"en-GB","potentialAction":[{"@type":"ReadAction","target":["https:\/\/xkodas.com\/en\/door-fittings\/"]}]},{"@type":"BreadcrumbList","@id":"https:\/\/xkodas.com\/en\/door-fittings\/#breadcrumb","itemListElement":[{"@type":"ListItem","position":1,"name":"Home","item":"https:\/\/xkodas.com\/en\/ismaniosios-spynos-visu-tipu-raktai-seifai-xkodas\/"},{"@type":"ListItem","position":2,"name":"Door fittings"}]},{"@type":"WebSite","@id":"https:\/\/xkodas.com\/en\/#website","url":"https:\/\/xkodas.com\/en\/","name":"Xkodas","description":"I\u0161maniosios spynos, rakt\u0173 gamyba, saugos sistemos","publisher":{"@id":"https:\/\/xkodas.com\/en\/#organization"},"potentialAction":[{"@type":"SearchAction","target":{"@type":"EntryPoint","urlTemplate":"https:\/\/xkodas.com\/en\/?s={search_term_string}"},"query-input":{"@type":"PropertyValueSpecification","valueRequired":true,"valueName":"search_term_string"}}],"inLanguage":"en-GB"},{"@type":"Organization","@id":"https:\/\/xkodas.com\/en\/#organization","name":"Xkodas","url":"https:\/\/xkodas.com\/en\/","logo":{"@type":"ImageObject","inLanguage":"en-GB","@id":"https:\/\/xkodas.com\/en\/#\/schema\/logo\/image\/","url":"http:\/\/xkodas.com\/wp-content\/uploads\/2020\/02\/Xkodas_logo_baltas_500x500-2.jpg","contentUrl":"http:\/\/xkodas.com\/wp-content\/uploads\/2020\/02\/Xkodas_logo_baltas_500x500-2.jpg","width":100,"height":100,"caption":"Xkodas"},"image":{"@id":"https:\/\/xkodas.com\/en\/#\/schema\/logo\/image\/"},"sameAs":["https:\/\/www.facebook.com\/xkodas.lt"]}]}},"_links":{"self":[{"href":"https:\/\/xkodas.com\/en\/wp-json\/wp\/v2\/pages\/7204","targetHints":{"allow":["GET"]}}],"collection":[{"href":"https:\/\/xkodas.com\/en\/wp-json\/wp\/v2\/pages"}],"about":[{"href":"https:\/\/xkodas.com\/en\/wp-json\/wp\/v2\/types\/page"}],"author":[{"embeddable":true,"href":"https:\/\/xkodas.com\/en\/wp-json\/wp\/v2\/users\/1"}],"replies":[{"embeddable":true,"href":"https:\/\/xkodas.com\/en\/wp-json\/wp\/v2\/comments?post=7204"}],"version-history":[{"count":3,"href":"https:\/\/xkodas.com\/en\/wp-json\/wp\/v2\/pages\/7204\/revisions"}],"predecessor-version":[{"id":12412,"href":"https:\/\/xkodas.com\/en\/wp-json\/wp\/v2\/pages\/7204\/revisions\/12412"}],"wp:attachment":[{"href":"https:\/\/xkodas.com\/en\/wp-json\/wp\/v2\/media?parent=7204"}],"curies":[{"name":"wp","href":"https:\/\/api.w.org\/{rel}","templated":true}]}}