{"id":7203,"date":"2020-08-20T02:22:34","date_gmt":"2020-08-20T02:22:34","guid":{"rendered":"http:\/\/xkodas.com\/?page_id=7203"},"modified":"2022-12-03T15:48:07","modified_gmt":"2022-12-03T15:48:07","slug":"door-handles","status":"publish","type":"page","link":"https:\/\/xkodas.com\/en\/door-handles\/","title":{"rendered":"Door handles"},"content":{"rendered":"<div class=\"woocommerce columns-4\"><div class=\"woocommerce-notices-wrapper\"><\/div><p class=\"woocommerce-result-count\" role=\"alert\" aria-relevant=\"all\" >\n\tShowing 1&ndash;8 of 35 results<\/p>\n<form class=\"woocommerce-ordering\" method=\"get\" action=\"\">\n\t<select name=\"orderby\" class=\"orderby\">\n\t\t\t\t\t<option value=\"menu_order\"  selected='selected' data-no-translation=\"\" data-trp-gettext=\"\">Default sorting<\/option>\n\t\t\t\t\t<option value=\"popularity\" data-no-translation=\"\" data-trp-gettext=\"\" >Sort by popularity<\/option>\n\t\t\t\t\t<option value=\"date\" data-no-translation=\"\" data-trp-gettext=\"\" >Sort by latest<\/option>\n\t\t\t\t\t<option value=\"price\" data-no-translation=\"\" data-trp-gettext=\"\" >Sort by price: low to high<\/option>\n\t\t\t\t\t<option value=\"price-desc\" data-no-translation=\"\" data-trp-gettext=\"\" >Sort by price: high to low<\/option>\n\t\t\t<\/select>\n\t<input type=\"hidden\" name=\"paged\" value=\"1\" \/>\n\t<input type=\"hidden\" name=\"trp-form-language\" value=\"en\"\/><\/form>\n\n\t\t<ul class=\"products products_grid_type columns-4\">\r\n\t\r\n<li class=\"product type-product post-18774 status-publish first instock product_cat-duru-rankenos product_tag-duru-rankena product_tag-orooro-sienna has-post-thumbnail taxable shipping-taxable purchasable product-type-simple\">\r\n\t\r\n\r\n\r\n\r\n\r\n\t\r\n\t\r\n\t\t<div class=\"man_product_photo man_image_bck\">\r\n\t\t\t<img decoding=\"async\" src=\"https:\/\/xkodas.com\/wp-content\/uploads\/2024\/05\/Duru-rankena-italiskas-dizainas-xkodas-600x550.jpg\">\r\n\t\t\t\r\n\t\t\t\t\t\t\r\n\t\t\t<div class=\"man_product_photo_hover man_image_bck\" \r\n\t\t\t\t\t\t\t<\/div>\r\n\t\t\t<a href=\"https:\/\/xkodas.com\/en\/shop\/duru-rankenos\/duru-rankena-orooro-sienna-092-15e-pora-raktaskyles-apvadas\/\" class=\"man_product_photo_link\"><\/a>\r\n\t\t\t\t\t\t\t\t\t\r\n\t\t<\/div>\r\n\t\t<!-- photo end -->\r\n\r\n\t\t<div class=\"man_product_cont\">\r\n\r\n\t\t\t\r\n\t\t\t<a href=\"https:\/\/xkodas.com\/en\/shop\/duru-rankenos\/duru-rankena-orooro-sienna-092-15e-pora-raktaskyles-apvadas\/\" >\r\n\t\t\t\t<h3>Dur\u0173 rankena ORO&#038;ORO Sienna 092-15E (pora + raktaskyl\u0117s apvadas)<h3>\t\t<span class=\"label-group\">\n\t\t\tDur\u0173 rankenos\t\t<\/span>\n\t\t\t\t\t\t\n\t<span class=\"price\"><span class=\"woocommerce-Price-amount amount\"><bdi>46,00<span class=\"woocommerce-Price-currencySymbol\">&euro;<\/span><\/bdi><\/span><\/span>\n\t\t\t\t<span class=\"man_product_cont_btn\">\r\n\t\t\t\t\t<a href=\"https:\/\/xkodas.com\/en\/shop\/duru-rankenos\/duru-rankena-orooro-sienna-092-15e-pora-raktaskyles-apvadas\/\" class=\"button product_type_simple\">View More<\/a>\r\n\t\t\t\t<\/span>\r\n\t\t\t<\/a>\r\n\r\n\t\t<\/div>\r\n\t\t<!-- Man cont end -->\r\n\r\n\t\t\r\n\t\r\n\r\n\t\r\n\r\n\r\n<\/li>\r\n<li class=\"product type-product post-18704 status-publish instock product_cat-duru-rankenos has-post-thumbnail taxable shipping-taxable purchasable product-type-simple\">\r\n\t\r\n\r\n\r\n\r\n\r\n\t\r\n\t\r\n\t\t<div class=\"man_product_photo man_image_bck\">\r\n\t\t\t<img decoding=\"async\" src=\"https:\/\/xkodas.com\/wp-content\/uploads\/2024\/05\/029-17E-Black34-600x550.png\">\r\n\t\t\t\r\n\t\t\t\t\t\t\r\n\t\t\t<div class=\"man_product_photo_hover man_image_bck\" \r\n\t\t\t\t\t\t\t\t    data-image=\"https:\/\/xkodas.com\/wp-content\/uploads\/2024\/05\/Italiskos-duru-rankenos-Xkodas-ismatavimai.png\">\r\n\t\t\t        \r\n\t\t\t\t\t\t\t<\/div>\r\n\t\t\t<a href=\"https:\/\/xkodas.com\/en\/shop\/duru-rankenos\/duru-rankena-orooro-029-17e-bee-pora-raktaskyles-apvadas-juoda\/\" class=\"man_product_photo_link\"><\/a>\r\n\t\t\t\t\t\t\t\t\t\r\n\t\t<\/div>\r\n\t\t<!-- photo end -->\r\n\r\n\t\t<div class=\"man_product_cont\">\r\n\r\n\t\t\t\r\n\t\t\t<a href=\"https:\/\/xkodas.com\/en\/shop\/duru-rankenos\/duru-rankena-orooro-029-17e-bee-pora-raktaskyles-apvadas-juoda\/\" >\r\n\t\t\t\t<h3>Dur\u0173 rankena ORO&#038;ORO 029-17E Bee (pora + raktaskyl\u0117s apvadas), Juoda<h3>\t\t<span class=\"label-group\">\n\t\t\tDur\u0173 rankenos\t\t<\/span>\n\t\t\t\t\t\t\n\t<span class=\"price\"><span class=\"woocommerce-Price-amount amount\"><bdi>46,00<span class=\"woocommerce-Price-currencySymbol\">&euro;<\/span><\/bdi><\/span><\/span>\n\t\t\t\t<span class=\"man_product_cont_btn\">\r\n\t\t\t\t\t<a href=\"https:\/\/xkodas.com\/en\/shop\/duru-rankenos\/duru-rankena-orooro-029-17e-bee-pora-raktaskyles-apvadas-juoda\/\" class=\"button product_type_simple\">View More<\/a>\r\n\t\t\t\t<\/span>\r\n\t\t\t<\/a>\r\n\r\n\t\t<\/div>\r\n\t\t<!-- Man cont end -->\r\n\r\n\t\t\r\n\t\r\n\r\n\t\r\n\r\n\r\n<\/li>\r\n<li class=\"product type-product post-18705 status-publish instock product_cat-duru-furnitura product_cat-duru-rankenos has-post-thumbnail taxable shipping-taxable purchasable product-type-simple\">\r\n\t\r\n\r\n\r\n\r\n\r\n\t\r\n\t\r\n\t\t<div class=\"man_product_photo man_image_bck\">\r\n\t\t\t<img decoding=\"async\" src=\"https:\/\/xkodas.com\/wp-content\/uploads\/2024\/05\/030WC-17E-BLACK_339-600x550.png\">\r\n\t\t\t\r\n\t\t\t\t\t\t\r\n\t\t\t<div class=\"man_product_photo_hover man_image_bck\" \r\n\t\t\t\t\t\t\t<\/div>\r\n\t\t\t<a href=\"https:\/\/xkodas.com\/en\/shop\/duru-rankenos\/wc-duru-uzrakto-rankenele-orooro-030wc-17e-juoda\/\" class=\"man_product_photo_link\"><\/a>\r\n\t\t\t\t\t\t\t\t\t\r\n\t\t<\/div>\r\n\t\t<!-- photo end -->\r\n\r\n\t\t<div class=\"man_product_cont\">\r\n\r\n\t\t\t\r\n\t\t\t<a href=\"https:\/\/xkodas.com\/en\/shop\/duru-rankenos\/wc-duru-uzrakto-rankenele-orooro-030wc-17e-juoda\/\" >\r\n\t\t\t\t<h3>WC dur\u0173 u\u017erakto ranken\u0117l\u0117 ORO&#038;ORO 030WC-17E, Juoda<h3>\t\t<span class=\"label-group\">\n\t\t\tDur\u0173 furnit\u016bra Dur\u0173 rankenos\t\t<\/span>\n\t\t\t\t\t\t\n\t<span class=\"price\"><span class=\"woocommerce-Price-amount amount\"><bdi>16,00<span class=\"woocommerce-Price-currencySymbol\">&euro;<\/span><\/bdi><\/span><\/span>\n\t\t\t\t<span class=\"man_product_cont_btn\">\r\n\t\t\t\t\t<a href=\"https:\/\/xkodas.com\/en\/shop\/duru-rankenos\/wc-duru-uzrakto-rankenele-orooro-030wc-17e-juoda\/\" class=\"button product_type_simple\">View More<\/a>\r\n\t\t\t\t<\/span>\r\n\t\t\t<\/a>\r\n\r\n\t\t<\/div>\r\n\t\t<!-- Man cont end -->\r\n\r\n\t\t\r\n\t\r\n\r\n\t\r\n\r\n\r\n<\/li>\r\n<li class=\"product type-product post-18738 status-publish last outofstock product_cat-duru-rankenos has-post-thumbnail taxable shipping-taxable purchasable product-type-simple\">\r\n\t\r\n\r\n\r\n\r\n\r\n\t\r\n\t\r\n\t\t<div class=\"man_product_photo man_image_bck\">\r\n\t\t\t<img decoding=\"async\" src=\"https:\/\/xkodas.com\/wp-content\/uploads\/2024\/05\/Kiauravidure-duru-rankena-067-16E-BLACK-CP-Xkodas-600x550.jpg\">\r\n\t\t\t\r\n\t\t\t\t\t\t\r\n\t\t\t<div class=\"man_product_photo_hover man_image_bck\" \r\n\t\t\t\t\t\t\t\t    data-image=\"https:\/\/xkodas.com\/wp-content\/uploads\/2024\/05\/Stilinga-duru-rankena-namams-Xkodas-1-600x476.png\">\r\n\t\t\t        \r\n\t\t\t\t\t\t\t<\/div>\r\n\t\t\t<a href=\"https:\/\/xkodas.com\/en\/shop\/duru-rankenos\/duru-rankena-orooro-067-16e-margherita-pora-raktaskyles-apvadas\/\" class=\"man_product_photo_link\"><\/a>\r\n\t\t\t\t\t\t\t\t\t\r\n\t\t<\/div>\r\n\t\t<!-- photo end -->\r\n\r\n\t\t<div class=\"man_product_cont\">\r\n\r\n\t\t\t\r\n\t\t\t<a href=\"https:\/\/xkodas.com\/en\/shop\/duru-rankenos\/duru-rankena-orooro-067-16e-margherita-pora-raktaskyles-apvadas\/\" >\r\n\t\t\t\t<h3>Dur\u0173 rankena ORO&#038;ORO 067-16E Margherita (pora + raktaskyl\u0117s apvadas)<h3>\t\t<span class=\"label-group\">\n\t\t\tDur\u0173 rankenos\t\t<\/span>\n\t\t\t\t\t\t\n\t<span class=\"price\"><span class=\"woocommerce-Price-amount amount\"><bdi>43,00<span class=\"woocommerce-Price-currencySymbol\">&euro;<\/span><\/bdi><\/span><\/span>\n\t\t\t\t<span class=\"man_product_cont_btn\">\r\n\t\t\t\t\t<a href=\"https:\/\/xkodas.com\/en\/shop\/duru-rankenos\/duru-rankena-orooro-067-16e-margherita-pora-raktaskyles-apvadas\/\" class=\"button product_type_simple\">View More<\/a>\r\n\t\t\t\t<\/span>\r\n\t\t\t<\/a>\r\n\r\n\t\t<\/div>\r\n\t\t<!-- Man cont end -->\r\n\r\n\t\t\r\n\t\r\n\r\n\t\r\n\r\n\r\n<\/li>\r\n<li class=\"product type-product post-18731 status-publish first instock product_cat-duru-rankenos has-post-thumbnail taxable shipping-taxable purchasable product-type-simple\">\r\n\t\r\n\r\n\r\n\r\n\r\n\t\r\n\t\r\n\t\t<div class=\"man_product_photo man_image_bck\">\r\n\t\t\t<img decoding=\"async\" src=\"https:\/\/xkodas.com\/wp-content\/uploads\/2024\/05\/093-15E-MSN-duru-rankena-namams-Xkodas-600x550.jpg\">\r\n\t\t\t\r\n\t\t\t\t\t\t\r\n\t\t\t<div class=\"man_product_photo_hover man_image_bck\" \r\n\t\t\t\t\t\t\t<\/div>\r\n\t\t\t<a href=\"https:\/\/xkodas.com\/en\/shop\/duru-rankenos\/duru-rankena-orooro-093-15e-frana-pora-raktaskyles-apvadas\/\" class=\"man_product_photo_link\"><\/a>\r\n\t\t\t\t\t\t\t\t\t\r\n\t\t<\/div>\r\n\t\t<!-- photo end -->\r\n\r\n\t\t<div class=\"man_product_cont\">\r\n\r\n\t\t\t\r\n\t\t\t<a href=\"https:\/\/xkodas.com\/en\/shop\/duru-rankenos\/duru-rankena-orooro-093-15e-frana-pora-raktaskyles-apvadas\/\" >\r\n\t\t\t\t<h3>Dur\u0173 rankena ORO&#038;ORO 093-15E FRANA (pora + raktaskyl\u0117s apvadas)<h3>\t\t<span class=\"label-group\">\n\t\t\tDur\u0173 rankenos\t\t<\/span>\n\t\t\t\t\t\t\n\t<span class=\"price\"><span class=\"woocommerce-Price-amount amount\"><bdi>46,00<span class=\"woocommerce-Price-currencySymbol\">&euro;<\/span><\/bdi><\/span><\/span>\n\t\t\t\t<span class=\"man_product_cont_btn\">\r\n\t\t\t\t\t<a href=\"https:\/\/xkodas.com\/en\/shop\/duru-rankenos\/duru-rankena-orooro-093-15e-frana-pora-raktaskyles-apvadas\/\" class=\"button product_type_simple\">View More<\/a>\r\n\t\t\t\t<\/span>\r\n\t\t\t<\/a>\r\n\r\n\t\t<\/div>\r\n\t\t<!-- Man cont end -->\r\n\r\n\t\t\r\n\t\r\n\r\n\t\r\n\r\n\r\n<\/li>\r\n<li class=\"product type-product post-18743 status-publish instock product_cat-duru-rankenos has-post-thumbnail taxable shipping-taxable purchasable product-type-simple\">\r\n\t\r\n\r\n\r\n\r\n\r\n\t\r\n\t\r\n\t\t<div class=\"man_product_photo man_image_bck\">\r\n\t\t\t<img decoding=\"async\" src=\"https:\/\/xkodas.com\/wp-content\/uploads\/2024\/05\/Italiska-duru-uzrakto-rankenele-030WC-17E-600x550.jpg\">\r\n\t\t\t\r\n\t\t\t\t\t\t\r\n\t\t\t<div class=\"man_product_photo_hover man_image_bck\" \r\n\t\t\t\t\t\t\t<\/div>\r\n\t\t\t<a href=\"https:\/\/xkodas.com\/en\/shop\/duru-rankenos\/wc-duru-uzrakto-rankenele-orooro-030wc-17e\/\" class=\"man_product_photo_link\"><\/a>\r\n\t\t\t\t\t\t\t\t\t\r\n\t\t<\/div>\r\n\t\t<!-- photo end -->\r\n\r\n\t\t<div class=\"man_product_cont\">\r\n\r\n\t\t\t\r\n\t\t\t<a href=\"https:\/\/xkodas.com\/en\/shop\/duru-rankenos\/wc-duru-uzrakto-rankenele-orooro-030wc-17e\/\" >\r\n\t\t\t\t<h3>WC dur\u0173 u\u017erakto ranken\u0117l\u0117 ORO&#038;ORO 030WC-17E<h3>\t\t<span class=\"label-group\">\n\t\t\tDur\u0173 rankenos\t\t<\/span>\n\t\t\t\t\t\t\n\t<span class=\"price\"><span class=\"woocommerce-Price-amount amount\"><bdi>16,00<span class=\"woocommerce-Price-currencySymbol\">&euro;<\/span><\/bdi><\/span><\/span>\n\t\t\t\t<span class=\"man_product_cont_btn\">\r\n\t\t\t\t\t<a href=\"https:\/\/xkodas.com\/en\/shop\/duru-rankenos\/wc-duru-uzrakto-rankenele-orooro-030wc-17e\/\" class=\"button product_type_simple\">View More<\/a>\r\n\t\t\t\t<\/span>\r\n\t\t\t<\/a>\r\n\r\n\t\t<\/div>\r\n\t\t<!-- Man cont end -->\r\n\r\n\t\t\r\n\t\r\n\r\n\t\r\n\r\n\r\n<\/li>\r\n<li class=\"product type-product post-18742 status-publish instock product_cat-duru-furnitura product_cat-duru-rankenos has-post-thumbnail taxable shipping-taxable purchasable product-type-simple\">\r\n\t\r\n\r\n\r\n\r\n\r\n\t\r\n\t\r\n\t\t<div class=\"man_product_photo man_image_bck\">\r\n\t\t\t<img decoding=\"async\" src=\"https:\/\/xkodas.com\/wp-content\/uploads\/2024\/05\/Duru-uzrakto-rankenele-031WC-15E-600x550.jpg\">\r\n\t\t\t\r\n\t\t\t\t\t\t\r\n\t\t\t<div class=\"man_product_photo_hover man_image_bck\" \r\n\t\t\t\t\t\t\t<\/div>\r\n\t\t\t<a href=\"https:\/\/xkodas.com\/en\/shop\/duru-rankenos\/wc-duru-uzrakto-rankenele-suktukas-orooro-031wc-15e\/\" class=\"man_product_photo_link\"><\/a>\r\n\t\t\t\t\t\t\t\t\t\r\n\t\t<\/div>\r\n\t\t<!-- photo end -->\r\n\r\n\t\t<div class=\"man_product_cont\">\r\n\r\n\t\t\t\r\n\t\t\t<a href=\"https:\/\/xkodas.com\/en\/shop\/duru-rankenos\/wc-duru-uzrakto-rankenele-suktukas-orooro-031wc-15e\/\" >\r\n\t\t\t\t<h3>WC dur\u0173 u\u017erakto ranken\u0117l\u0117 (suktukas) ORO&#038;ORO 031WC-15E<h3>\t\t<span class=\"label-group\">\n\t\t\tDur\u0173 furnit\u016bra Dur\u0173 rankenos\t\t<\/span>\n\t\t\t\t\t\t\n\t<span class=\"price\"><span class=\"woocommerce-Price-amount amount\"><bdi>16,00<span class=\"woocommerce-Price-currencySymbol\">&euro;<\/span><\/bdi><\/span><\/span>\n\t\t\t\t<span class=\"man_product_cont_btn\">\r\n\t\t\t\t\t<a href=\"https:\/\/xkodas.com\/en\/shop\/duru-rankenos\/wc-duru-uzrakto-rankenele-suktukas-orooro-031wc-15e\/\" class=\"button product_type_simple\">View More<\/a>\r\n\t\t\t\t<\/span>\r\n\t\t\t<\/a>\r\n\r\n\t\t<\/div>\r\n\t\t<!-- Man cont end -->\r\n\r\n\t\t\r\n\t\r\n\r\n\t\r\n\r\n\r\n<\/li>\r\n<li class=\"product type-product post-18730 status-publish last outofstock product_cat-duru-rankenos has-post-thumbnail taxable shipping-taxable purchasable product-type-simple\">\r\n\t\r\n\r\n\r\n\r\n\r\n\t\r\n\t\r\n\t\t<div class=\"man_product_photo man_image_bck\">\r\n\t\t\t<img decoding=\"async\" src=\"https:\/\/xkodas.com\/wp-content\/uploads\/2024\/05\/096-15E-IVY-Xkodas-600x550.jpg\">\r\n\t\t\t\r\n\t\t\t\t\t\t\r\n\t\t\t<div class=\"man_product_photo_hover man_image_bck\" \r\n\t\t\t\t\t\t\t\t    data-image=\"https:\/\/xkodas.com\/wp-content\/uploads\/2024\/05\/096-15E-IVY-Xkodas.-matmenys-600x550.jpg\">\r\n\t\t\t        \r\n\t\t\t\t\t\t\t<\/div>\r\n\t\t\t<a href=\"https:\/\/xkodas.com\/en\/shop\/duru-rankenos\/duru-rankena-orooro-096-15e-ivy-pora-raktaskyles-apvadas-juoda\/\" class=\"man_product_photo_link\"><\/a>\r\n\t\t\t\t\t\t\t\t\t\r\n\t\t<\/div>\r\n\t\t<!-- photo end -->\r\n\r\n\t\t<div class=\"man_product_cont\">\r\n\r\n\t\t\t\r\n\t\t\t<a href=\"https:\/\/xkodas.com\/en\/shop\/duru-rankenos\/duru-rankena-orooro-096-15e-ivy-pora-raktaskyles-apvadas-juoda\/\" >\r\n\t\t\t\t<h3>Dur\u0173 rankena ORO&#038;ORO 096-15E IVY (pora + raktaskyl\u0117s apvadas), Juoda<h3>\t\t<span class=\"label-group\">\n\t\t\tDur\u0173 rankenos\t\t<\/span>\n\t\t\t\t\t\t\n\t<span class=\"price\"><span class=\"woocommerce-Price-amount amount\"><bdi>46,00<span class=\"woocommerce-Price-currencySymbol\">&euro;<\/span><\/bdi><\/span><\/span>\n\t\t\t\t<span class=\"man_product_cont_btn\">\r\n\t\t\t\t\t<a href=\"https:\/\/xkodas.com\/en\/shop\/duru-rankenos\/duru-rankena-orooro-096-15e-ivy-pora-raktaskyles-apvadas-juoda\/\" class=\"button product_type_simple\">View More<\/a>\r\n\t\t\t\t<\/span>\r\n\t\t\t<\/a>\r\n\r\n\t\t<\/div>\r\n\t\t<!-- Man cont end -->\r\n\r\n\t\t\r\n\t\r\n\r\n\t\r\n\r\n\r\n<\/li>\r\n<\/ul>\r\n<div class=\"man_navigation\">\n\t<span aria-label=\"Page 1\" aria-current=\"page\" class=\"page-numbers current\" data-no-translation-aria-label=\"\">1<\/span>\n<a aria-label=\"Page 2\" class=\"page-numbers\" href=\"\/en\/wp-json\/wp\/v2\/pages\/7203?product-page=2\" data-no-translation-aria-label=\"\">2<\/a>\n<a aria-label=\"Page 3\" class=\"page-numbers\" href=\"\/en\/wp-json\/wp\/v2\/pages\/7203?product-page=3\" data-no-translation-aria-label=\"\">3<\/a>\n<a aria-label=\"Page 4\" class=\"page-numbers\" href=\"\/en\/wp-json\/wp\/v2\/pages\/7203?product-page=4\" data-no-translation-aria-label=\"\">4<\/a>\n<a aria-label=\"Page 5\" class=\"page-numbers\" href=\"\/en\/wp-json\/wp\/v2\/pages\/7203?product-page=5\" data-no-translation-aria-label=\"\">5<\/a>\n<a class=\"next page-numbers\" href=\"\/en\/wp-json\/wp\/v2\/pages\/7203?product-page=2\">Next<i class=\"ti ti-arrow-right\"><\/i><\/a><\/div>\n<\/div>","protected":false},"excerpt":{"rendered":"","protected":false},"author":1,"featured_media":0,"parent":0,"menu_order":10,"comment_status":"closed","ping_status":"closed","template":"","meta":{"_monsterinsights_skip_tracking":false,"_monsterinsights_sitenote_active":false,"_monsterinsights_sitenote_note":"","_monsterinsights_sitenote_category":0,"footnotes":""},"class_list":["post-7203","page","type-page","status-publish","hentry"],"yoast_head":"<!-- This site is optimized with the Yoast SEO plugin v27.4 - https:\/\/yoast.com\/product\/yoast-seo-wordpress\/ -->\n<title>Door handles - Xkodas<\/title>\n<meta name=\"robots\" content=\"index, follow, max-snippet:-1, max-image-preview:large, max-video-preview:-1\" \/>\n<link rel=\"canonical\" href=\"https:\/\/xkodas.com\/en\/door-handles\/\" \/>\n<meta property=\"og:locale\" content=\"en_GB\" \/>\n<meta property=\"og:type\" content=\"article\" \/>\n<meta property=\"og:title\" content=\"Door handles - Xkodas\" \/>\n<meta property=\"og:url\" content=\"https:\/\/xkodas.com\/en\/door-handles\/\" \/>\n<meta property=\"og:site_name\" content=\"Xkodas\" \/>\n<meta property=\"article:publisher\" content=\"https:\/\/www.facebook.com\/xkodas.lt\" \/>\n<meta property=\"article:modified_time\" content=\"2022-12-03T15:48:07+00:00\" \/>\n<meta name=\"twitter:card\" content=\"summary_large_image\" \/>\n<script type=\"application\/ld+json\" class=\"yoast-schema-graph\">{\"@context\":\"https:\\\/\\\/schema.org\",\"@graph\":[{\"@type\":\"WebPage\",\"@id\":\"https:\\\/\\\/xkodas.com\\\/en\\\/door-handles\\\/\",\"url\":\"https:\\\/\\\/xkodas.com\\\/en\\\/door-handles\\\/\",\"name\":\"Door handles - Xkodas\",\"isPartOf\":{\"@id\":\"https:\\\/\\\/xkodas.com\\\/en\\\/#website\"},\"datePublished\":\"2020-08-20T02:22:34+00:00\",\"dateModified\":\"2022-12-03T15:48:07+00:00\",\"breadcrumb\":{\"@id\":\"https:\\\/\\\/xkodas.com\\\/en\\\/door-handles\\\/#breadcrumb\"},\"inLanguage\":\"en-GB\",\"potentialAction\":[{\"@type\":\"ReadAction\",\"target\":[\"https:\\\/\\\/xkodas.com\\\/en\\\/door-handles\\\/\"]}]},{\"@type\":\"BreadcrumbList\",\"@id\":\"https:\\\/\\\/xkodas.com\\\/en\\\/door-handles\\\/#breadcrumb\",\"itemListElement\":[{\"@type\":\"ListItem\",\"position\":1,\"name\":\"Home\",\"item\":\"https:\\\/\\\/xkodas.com\\\/en\\\/ismaniosios-spynos-visu-tipu-raktai-seifai-xkodas\\\/\"},{\"@type\":\"ListItem\",\"position\":2,\"name\":\"Door handles\"}]},{\"@type\":\"WebSite\",\"@id\":\"https:\\\/\\\/xkodas.com\\\/en\\\/#website\",\"url\":\"https:\\\/\\\/xkodas.com\\\/en\\\/\",\"name\":\"Xkodas\",\"description\":\"I\u0161maniosios spynos, rakt\u0173 gamyba, saugos sistemos\",\"publisher\":{\"@id\":\"https:\\\/\\\/xkodas.com\\\/en\\\/#organization\"},\"potentialAction\":[{\"@type\":\"SearchAction\",\"target\":{\"@type\":\"EntryPoint\",\"urlTemplate\":\"https:\\\/\\\/xkodas.com\\\/en\\\/?s={search_term_string}\"},\"query-input\":{\"@type\":\"PropertyValueSpecification\",\"valueRequired\":true,\"valueName\":\"search_term_string\"}}],\"inLanguage\":\"en-GB\"},{\"@type\":\"Organization\",\"@id\":\"https:\\\/\\\/xkodas.com\\\/en\\\/#organization\",\"name\":\"Xkodas\",\"url\":\"https:\\\/\\\/xkodas.com\\\/en\\\/\",\"logo\":{\"@type\":\"ImageObject\",\"inLanguage\":\"en-GB\",\"@id\":\"https:\\\/\\\/xkodas.com\\\/en\\\/#\\\/schema\\\/logo\\\/image\\\/\",\"url\":\"http:\\\/\\\/xkodas.com\\\/wp-content\\\/uploads\\\/2020\\\/02\\\/Xkodas_logo_baltas_500x500-2.jpg\",\"contentUrl\":\"http:\\\/\\\/xkodas.com\\\/wp-content\\\/uploads\\\/2020\\\/02\\\/Xkodas_logo_baltas_500x500-2.jpg\",\"width\":100,\"height\":100,\"caption\":\"Xkodas\"},\"image\":{\"@id\":\"https:\\\/\\\/xkodas.com\\\/en\\\/#\\\/schema\\\/logo\\\/image\\\/\"},\"sameAs\":[\"https:\\\/\\\/www.facebook.com\\\/xkodas.lt\"]}]}<\/script>\n<!-- \/ Yoast SEO plugin. -->","yoast_head_json":{"title":"Door handles - Xkodas","robots":{"index":"index","follow":"follow","max-snippet":"max-snippet:-1","max-image-preview":"max-image-preview:large","max-video-preview":"max-video-preview:-1"},"canonical":"https:\/\/xkodas.com\/en\/door-handles\/","og_locale":"en_GB","og_type":"article","og_title":"Door handles - Xkodas","og_url":"https:\/\/xkodas.com\/en\/door-handles\/","og_site_name":"Xkodas","article_publisher":"https:\/\/www.facebook.com\/xkodas.lt","article_modified_time":"2022-12-03T15:48:07+00:00","twitter_card":"summary_large_image","schema":{"@context":"https:\/\/schema.org","@graph":[{"@type":"WebPage","@id":"https:\/\/xkodas.com\/en\/door-handles\/","url":"https:\/\/xkodas.com\/en\/door-handles\/","name":"Door handles - Xkodas","isPartOf":{"@id":"https:\/\/xkodas.com\/en\/#website"},"datePublished":"2020-08-20T02:22:34+00:00","dateModified":"2022-12-03T15:48:07+00:00","breadcrumb":{"@id":"https:\/\/xkodas.com\/en\/door-handles\/#breadcrumb"},"inLanguage":"en-GB","potentialAction":[{"@type":"ReadAction","target":["https:\/\/xkodas.com\/en\/door-handles\/"]}]},{"@type":"BreadcrumbList","@id":"https:\/\/xkodas.com\/en\/door-handles\/#breadcrumb","itemListElement":[{"@type":"ListItem","position":1,"name":"Home","item":"https:\/\/xkodas.com\/en\/ismaniosios-spynos-visu-tipu-raktai-seifai-xkodas\/"},{"@type":"ListItem","position":2,"name":"Door handles"}]},{"@type":"WebSite","@id":"https:\/\/xkodas.com\/en\/#website","url":"https:\/\/xkodas.com\/en\/","name":"Xkodas","description":"I\u0161maniosios spynos, rakt\u0173 gamyba, saugos sistemos","publisher":{"@id":"https:\/\/xkodas.com\/en\/#organization"},"potentialAction":[{"@type":"SearchAction","target":{"@type":"EntryPoint","urlTemplate":"https:\/\/xkodas.com\/en\/?s={search_term_string}"},"query-input":{"@type":"PropertyValueSpecification","valueRequired":true,"valueName":"search_term_string"}}],"inLanguage":"en-GB"},{"@type":"Organization","@id":"https:\/\/xkodas.com\/en\/#organization","name":"Xkodas","url":"https:\/\/xkodas.com\/en\/","logo":{"@type":"ImageObject","inLanguage":"en-GB","@id":"https:\/\/xkodas.com\/en\/#\/schema\/logo\/image\/","url":"http:\/\/xkodas.com\/wp-content\/uploads\/2020\/02\/Xkodas_logo_baltas_500x500-2.jpg","contentUrl":"http:\/\/xkodas.com\/wp-content\/uploads\/2020\/02\/Xkodas_logo_baltas_500x500-2.jpg","width":100,"height":100,"caption":"Xkodas"},"image":{"@id":"https:\/\/xkodas.com\/en\/#\/schema\/logo\/image\/"},"sameAs":["https:\/\/www.facebook.com\/xkodas.lt"]}]}},"_links":{"self":[{"href":"https:\/\/xkodas.com\/en\/wp-json\/wp\/v2\/pages\/7203","targetHints":{"allow":["GET"]}}],"collection":[{"href":"https:\/\/xkodas.com\/en\/wp-json\/wp\/v2\/pages"}],"about":[{"href":"https:\/\/xkodas.com\/en\/wp-json\/wp\/v2\/types\/page"}],"author":[{"embeddable":true,"href":"https:\/\/xkodas.com\/en\/wp-json\/wp\/v2\/users\/1"}],"replies":[{"embeddable":true,"href":"https:\/\/xkodas.com\/en\/wp-json\/wp\/v2\/comments?post=7203"}],"version-history":[{"count":3,"href":"https:\/\/xkodas.com\/en\/wp-json\/wp\/v2\/pages\/7203\/revisions"}],"predecessor-version":[{"id":12411,"href":"https:\/\/xkodas.com\/en\/wp-json\/wp\/v2\/pages\/7203\/revisions\/12411"}],"wp:attachment":[{"href":"https:\/\/xkodas.com\/en\/wp-json\/wp\/v2\/media?parent=7203"}],"curies":[{"name":"wp","href":"https:\/\/api.w.org\/{rel}","templated":true}]}}